{"id":412,"date":"2023-06-10T15:16:24","date_gmt":"2023-06-10T12:16:24","guid":{"rendered":"https:\/\/solka.com.tr\/?page_id=412"},"modified":"2023-06-10T15:16:24","modified_gmt":"2023-06-10T12:16:24","slug":"kvkk","status":"publish","type":"page","link":"https:\/\/solka.com.tr\/en\/kvkk\/","title":{"rendered":"GDPR"},"content":{"rendered":"<div class=\"wpb-content-wrapper\"><div class=\"vc_row wpb_row vc_row-fluid\"><div class=\"wpb_column vc_column_container vc_col-sm-12\"><div class=\"vc_column-inner\"><div class=\"wpb_wrapper\">\n\t<div class=\"wpb_text_column wpb_content_element\" >\n\t\t<div class=\"wpb_wrapper\">\n\t\t\t<p><strong>SOLKA MOB.SAN.VE T\u0130C.LTD.\u015eT\u0130.<\/strong><\/p>\n<p>6698 SAYILI K\u0130\u015e\u0130SEL VER\u0130LER\u0130N KORUNMASI KANUNU KAPSAMINDA AYDINLATMA METN\u0130<\/p>\n<p>SOLKA MOB.SAN.VE T\u0130C.LTD.\u015eT\u0130, y\u00fcr\u00fctt\u00fc\u011f\u00fc faaliyetler kapsam\u0131ndas i\u015fledi\u011fi ki\u015fisel verilerinizi korumak i\u00e7in,6698 Say\u0131l\u0131 KVKK\u2019na uygun olarak her t\u00fcrl\u00fc teknik ve hukuki tedbirleri almaktad\u0131r.\u0130lgili ki\u015filer,KVKK haklar\u0131na ili\u015fkin ayr\u0131nt\u0131l\u0131 bilgilere a\u015fa\u011f\u0131daki metinden ula\u015fabilirler.<\/p>\n<p><strong>1-Veri Sorumlusu<\/strong><\/p>\n<p>SOLKA MOB.SAN.VE T\u0130C.LTD.\u015eT\u0130.<\/p>\n<p>Mersis No: 0773078970500001<\/p>\n<p>\u0130nternet Adresi: solka.com.tr<\/p>\n<p>Telefon Numaras\u0131: +90 (507) 861 01 16<\/p>\n<p>Adres: Yenicek\u00f6y Mahallesi Ak\u0131nc\u0131lar Caddesi No:7A \u0130neg\u00f6l\/Bursa<\/p>\n<p><strong>2-Ki\u015fisel Verilerin \u0130\u015flenme Ama\u00e7lar\u0131<\/strong><\/p>\n<p>Toplanan ki\u015fisel verileriniz;<\/p>\n<ul>\n<li>\u00dcr\u00fcn ve hizmetler ile sat\u0131\u015f sonras\u0131 destek hizmetlerinin sunulmas\u0131,<\/li>\n<li>M\u00fc\u015fteri ili\u015fkileri s\u00fcre\u00e7lerinin y\u00fcr\u00fct\u00fclmesi,<\/li>\n<li>Talep ve \u015fikayetlerinizin kar\u015f\u0131lanmas\u0131,<\/li>\n<li>\u015eirketimiz taraf\u0131ndan y\u00fcr\u00fct\u00fclen ticari faaliyetlerin ger\u00e7ekle\u015ftirilmesi i\u00e7in ilgili i\u015f birimlerimiz taraf\u0131ndan gerekli \u00e7al\u0131\u015fmalar\u0131n yap\u0131lmas\u0131 ve buna ba\u011fl\u0131 i\u015f s\u00fcre\u00e7lerinin y\u00fcr\u00fct\u00fclmesi,<\/li>\n<\/ul>\n<p>Kanun\u2019un 5. ve 6. maddelerinde belirtilen ki\u015fisel veri i\u015fleme \u015fartlar\u0131 kapsam\u0131nda i\u015flenecektir.<\/p>\n<p><strong>A\u00e7\u0131k R\u0131zan\u0131z\u0131n Varl\u0131\u011f\u0131 Halinde Ki\u015fisel Verileriniz Hangi Ama\u00e7la \u0130\u015flenmektedir?<\/strong><\/p>\n<p>Toplanan ki\u015fisel verileriniz; \u00fcr\u00fcn ve hizmetlerin pazarlama s\u00fcre\u00e7lerinin planlanmas\u0131 ve icras\u0131, profilleme ve analiz faaliyetlerinin y\u00fcr\u00fct\u00fclmesi, sunulan \u00fcr\u00fcn ve hizmetlerin be\u011feni, kullan\u0131m al\u0131\u015fkanl\u0131klar\u0131n\u0131z ve ihtiya\u00e7lar\u0131n\u0131za g\u00f6re \u00f6zelle\u015ftirerek sizlere \u00f6nerilmesi ve tan\u0131t\u0131lmas\u0131, kabul\u00fcn\u00fcz kapsam\u0131nda payla\u015fm\u0131\u015f oldu\u011funuz ileti\u015fim bilgilerinize reklam, promosyon, vb. ticari elektronik ileti g\u00f6nderilmesi ve g\u00f6nderim sa\u011flanmas\u0131 i\u00e7in hizmet ald\u0131\u011f\u0131m\u0131z \u00fc\u00e7\u00fcnc\u00fc ki\u015filerle payla\u015f\u0131lmas\u0131 ama\u00e7lar\u0131yla a\u00e7\u0131k r\u0131zan\u0131z kapsam\u0131nda i\u015flenebilecektir.<\/p>\n<p><strong>2-Ki\u015fisel Verilerin Aktar\u0131lmas\u0131<\/strong><\/p>\n<p>Toplanan ki\u015fisel verileriniz; yukar\u0131da belirtilen ama\u00e7lar\u0131n ger\u00e7ekle\u015ftirilmesi do\u011frultusunda, bayilerimize, tedarik\u00e7ilerimize, kanunen yetkili kamu kurumlar\u0131na ve \u00f6zel ki\u015filere Kanun\u2019un 8. ve 9. maddelerinde belirtilen ki\u015fisel veri i\u015fleme \u015fartlar\u0131 \u00e7er\u00e7evesinde aktar\u0131labilecektir.<\/p>\n<p><strong>3-Ki\u015fisel Verilerinizin Toplanma Y\u00f6ntemi ve Hukuki Sebebi<\/strong><\/p>\n<p>Ki\u015fisel verileriniz \u015eirketimiz ile temas edece\u011finiz; elektronik ortamda internet sitesi, \u00e7a\u011fr\u0131 merkezi, mobil uygulama ve fiziki ortamda bayi kanal\u0131yla, s\u00f6zle\u015fmenin ifas\u0131 hukuki sebebine dayal\u0131 olarak toplanacakt\u0131r. A\u00e7\u0131k r\u0131za vermeniz halinde ise \u00fcr\u00fcn ve hizmetlerimizin be\u011feni ve kullan\u0131m al\u0131\u015fkanl\u0131klar\u0131n\u0131za g\u00f6re \u00f6zelle\u015ftirilerek size sunulmas\u0131 hukuki sebebine dayal\u0131 olarak Kanun\u2019un 5. ve 6. maddelerinde belirtilen ki\u015fisel veri i\u015fleme \u015fartlar\u0131 kapsam\u0131nda i\u015flenebilmektedir.<\/p>\n<p><strong>4-Ki\u015fisel Veri Sahibinin Haklar\u0131<\/strong><\/p>\n<p>Ki\u015fisel veri sahibi olarak Kanun\u2019un 11. maddesi uyar\u0131nca a\u015fa\u011f\u0131daki haklara sahip oldu\u011funuzu<\/p>\n<p>bildiririz:<\/p>\n<ul>\n<li>Ki\u015fisel veri i\u015flenip i\u015flenmedi\u011fini \u00f6\u011frenme,<\/li>\n<li>Ki\u015fisel verileri i\u015flenmi\u015fse buna ili\u015fkin bilgi talep etme,<\/li>\n<li>Ki\u015fisel verilerin i\u015flenme amac\u0131n\u0131 ve bunlar\u0131n amac\u0131na uygun kullan\u0131l\u0131p kullan\u0131lmad\u0131\u011f\u0131n\u0131 \u00f6\u011frenme,<\/li>\n<\/ul>\n<ul>\n<li>Yurt i\u00e7inde veya yurt d\u0131\u015f\u0131nda ki\u015fisel verilerin aktar\u0131ld\u0131\u011f\u0131 \u00fc\u00e7\u00fcnc\u00fc ki\u015fileri bilme,<\/li>\n<li>Ki\u015fisel verilerin eksik veya yanl\u0131\u015f i\u015flenmi\u015f olmas\u0131 h\u00e2linde bunlar\u0131n d\u00fczeltilmesini isteme ve bu kapsamda yap\u0131lan i\u015flemin ki\u015fisel verilerin aktar\u0131ld\u0131\u011f\u0131 \u00fc\u00e7\u00fcnc\u00fc ki\u015filere bildirilmesini isteme,<\/li>\n<\/ul>\n<ul>\n<li>Kanun ve ilgili di\u011fer kanun h\u00fck\u00fcmlerine uygun olarak i\u015flenmi\u015f olmas\u0131na ra\u011fmen, i\u015flenmesini gerektiren sebeplerin ortadan kalkmas\u0131 h\u00e2linde ki\u015fisel verilerin silinmesini veya yok edilmesini isteme ve bu kapsamda yap\u0131lan i\u015flemin ki\u015fisel verilerin aktar\u0131ld\u0131\u011f\u0131 \u00fc\u00e7\u00fcnc\u00fc ki\u015filere bildirilmesini isteme,<\/li>\n<\/ul>\n<ul>\n<li>\u0130\u015flenen verilerin m\u00fcnhas\u0131ran otomatik sistemler vas\u0131tas\u0131yla analiz edilmesi suretiyle ki\u015finin kendisi aleyhine bir sonucun ortaya \u00e7\u0131kmas\u0131na itiraz etme,<\/li>\n<\/ul>\n<ul>\n<li>Ki\u015fisel verilerin kanuna ayk\u0131r\u0131 olarak i\u015flenmesi sebebiyle zarara u\u011framas\u0131 h\u00e2linde zarar\u0131n giderilmesini talep etme.<\/li>\n<\/ul>\n<p>Yukar\u0131da s\u0131ralanan haklar\u0131n\u0131za y\u00f6nelik ba\u015fvurular\u0131n\u0131z\u0131, <strong>Yenicek\u00f6y Mahallesi Ak\u0131nc\u0131lar Caddesi No:7A \u0130neg\u00f6l\/Bursa<\/strong>\u00a0adresinde bulunan \u015firketimize noter yoluyla veya a\u00e7\u0131k kimlik ibraz\u0131 ile iletebilirsiniz. Talebinizin niteli\u011fine g\u00f6re en k\u0131sa s\u00fcrede ve en ge\u00e7 otuz g\u00fcn i\u00e7inde ba\u015fvurular\u0131n\u0131z \u00fccretsiz olarak sonu\u00e7land\u0131r\u0131lacakt\u0131r; ancak i\u015flemin ayr\u0131ca bir maliyet gerektirmesi halinde Ki\u015fisel Verileri Koruma Kurulu taraf\u0131ndan belirlenecek tarifeye g\u00f6re taraf\u0131n\u0131zdan \u00fccret talep edilebilecektir.<\/p>\n\n\t\t<\/div>\n\t<\/div>\n<\/div><\/div><\/div><\/div>\n<\/div>","protected":false},"excerpt":{"rendered":"SOLKA MOB.SAN.VE T\u0130C.LTD.\u015eT\u0130. 6698 SAYILI K\u0130\u015e\u0130SEL VER\u0130LER\u0130N KORUNMASI KANUNU KAPSAMINDA AYDINLATMA METN\u0130 SOLKA MOB.SAN.VE T\u0130C.LTD.\u015eT\u0130, y\u00fcr\u00fctt\u00fc\u011f\u00fc faaliyetler kapsam\u0131ndas i\u015fledi\u011fi ki\u015fisel","protected":false},"author":1,"featured_media":0,"parent":0,"menu_order":0,"comment_status":"closed","ping_status":"closed","template":"","meta":{"footnotes":""},"class_list":["post-412","page","type-page","status-publish","hentry"],"yoast_head":"<!-- This site is optimized with the Yoast SEO plugin v23.5 - https:\/\/yoast.com\/wordpress\/plugins\/seo\/ -->\n<title>KVKK - Solka Luxury Interiors<\/title>\n<meta name=\"robots\" content=\"index, follow, max-snippet:-1, max-image-preview:large, max-video-preview:-1\" \/>\n<link rel=\"canonical\" href=\"https:\/\/solka.com.tr\/en\/kvkk\/\" \/>\n<meta property=\"og:locale\" content=\"en_US\" \/>\n<meta property=\"og:type\" content=\"article\" \/>\n<meta property=\"og:title\" content=\"KVKK - Solka Luxury Interiors\" \/>\n<meta property=\"og:url\" content=\"https:\/\/solka.com.tr\/en\/kvkk\/\" \/>\n<meta property=\"og:site_name\" content=\"Solka Luxury Interiors\" \/>\n<meta name=\"twitter:card\" content=\"summary_large_image\" \/>\n<script type=\"application\/ld+json\" class=\"yoast-schema-graph\">{\"@context\":\"https:\/\/schema.org\",\"@graph\":[{\"@type\":\"WebPage\",\"@id\":\"https:\/\/solka.com.tr\/kvkk\/\",\"url\":\"https:\/\/solka.com.tr\/kvkk\/\",\"name\":\"KVKK - Solka Luxury Interiors\",\"isPartOf\":{\"@id\":\"https:\/\/solka.com.tr\/#website\"},\"datePublished\":\"2023-06-10T12:16:24+00:00\",\"dateModified\":\"2023-06-10T12:16:24+00:00\",\"breadcrumb\":{\"@id\":\"https:\/\/solka.com.tr\/kvkk\/#breadcrumb\"},\"inLanguage\":\"en-US\",\"potentialAction\":[{\"@type\":\"ReadAction\",\"target\":[\"https:\/\/solka.com.tr\/kvkk\/\"]}]},{\"@type\":\"BreadcrumbList\",\"@id\":\"https:\/\/solka.com.tr\/kvkk\/#breadcrumb\",\"itemListElement\":[{\"@type\":\"ListItem\",\"position\":1,\"name\":\"Home\",\"item\":\"https:\/\/solka.com.tr\/\"},{\"@type\":\"ListItem\",\"position\":2,\"name\":\"KVKK\"}]},{\"@type\":\"WebSite\",\"@id\":\"https:\/\/solka.com.tr\/#website\",\"url\":\"https:\/\/solka.com.tr\/\",\"name\":\"Solka Luxury Interiors\",\"description\":\"2023\",\"potentialAction\":[{\"@type\":\"SearchAction\",\"target\":{\"@type\":\"EntryPoint\",\"urlTemplate\":\"https:\/\/solka.com.tr\/?s={search_term_string}\"},\"query-input\":{\"@type\":\"PropertyValueSpecification\",\"valueRequired\":true,\"valueName\":\"search_term_string\"}}],\"inLanguage\":\"en-US\"}]}<\/script>\n<!-- \/ Yoast SEO plugin. -->","yoast_head_json":{"title":"KVKK - Solka Luxury Interiors","robots":{"index":"index","follow":"follow","max-snippet":"max-snippet:-1","max-image-preview":"max-image-preview:large","max-video-preview":"max-video-preview:-1"},"canonical":"https:\/\/solka.com.tr\/en\/kvkk\/","og_locale":"en_US","og_type":"article","og_title":"KVKK - Solka Luxury Interiors","og_url":"https:\/\/solka.com.tr\/en\/kvkk\/","og_site_name":"Solka Luxury Interiors","twitter_card":"summary_large_image","schema":{"@context":"https:\/\/schema.org","@graph":[{"@type":"WebPage","@id":"https:\/\/solka.com.tr\/kvkk\/","url":"https:\/\/solka.com.tr\/kvkk\/","name":"KVKK - Solka Luxury Interiors","isPartOf":{"@id":"https:\/\/solka.com.tr\/#website"},"datePublished":"2023-06-10T12:16:24+00:00","dateModified":"2023-06-10T12:16:24+00:00","breadcrumb":{"@id":"https:\/\/solka.com.tr\/kvkk\/#breadcrumb"},"inLanguage":"en-US","potentialAction":[{"@type":"ReadAction","target":["https:\/\/solka.com.tr\/kvkk\/"]}]},{"@type":"BreadcrumbList","@id":"https:\/\/solka.com.tr\/kvkk\/#breadcrumb","itemListElement":[{"@type":"ListItem","position":1,"name":"Home","item":"https:\/\/solka.com.tr\/"},{"@type":"ListItem","position":2,"name":"KVKK"}]},{"@type":"WebSite","@id":"https:\/\/solka.com.tr\/#website","url":"https:\/\/solka.com.tr\/","name":"Solka Luxury Interiors","description":"2023","potentialAction":[{"@type":"SearchAction","target":{"@type":"EntryPoint","urlTemplate":"https:\/\/solka.com.tr\/?s={search_term_string}"},"query-input":{"@type":"PropertyValueSpecification","valueRequired":true,"valueName":"search_term_string"}}],"inLanguage":"en-US"}]}},"_links":{"self":[{"href":"https:\/\/solka.com.tr\/en\/wp-json\/wp\/v2\/pages\/412","targetHints":{"allow":["GET"]}}],"collection":[{"href":"https:\/\/solka.com.tr\/en\/wp-json\/wp\/v2\/pages"}],"about":[{"href":"https:\/\/solka.com.tr\/en\/wp-json\/wp\/v2\/types\/page"}],"author":[{"embeddable":true,"href":"https:\/\/solka.com.tr\/en\/wp-json\/wp\/v2\/users\/1"}],"replies":[{"embeddable":true,"href":"https:\/\/solka.com.tr\/en\/wp-json\/wp\/v2\/comments?post=412"}],"version-history":[{"count":1,"href":"https:\/\/solka.com.tr\/en\/wp-json\/wp\/v2\/pages\/412\/revisions"}],"predecessor-version":[{"id":413,"href":"https:\/\/solka.com.tr\/en\/wp-json\/wp\/v2\/pages\/412\/revisions\/413"}],"wp:attachment":[{"href":"https:\/\/solka.com.tr\/en\/wp-json\/wp\/v2\/media?parent=412"}],"curies":[{"name":"wp","href":"https:\/\/api.w.org\/{rel}","templated":true}]}}